{"id":995,"date":"2022-08-17T13:32:34","date_gmt":"2022-08-17T16:32:34","guid":{"rendered":"http:\/\/www.qhs.com.ar\/web\/?page_id=995"},"modified":"2026-04-30T20:52:01","modified_gmt":"2026-04-30T23:52:01","slug":"comedor-en-paz-588","status":"publish","type":"page","link":"https:\/\/www.qhs.com.ar\/web\/index.php\/comedor-en-paz-588\/","title":{"rendered":"Comedor en Paz 588"},"content":{"rendered":"<p>[et_pb_section fb_built=\u00bb1&#8243; _builder_version=\u00bb4.17.4&#8243; _module_preset=\u00bbdefault\u00bb background_color=\u00bbrgba(0,69,22,0.87)\u00bb background_image=\u00bbhttps:\/\/www.qhs.com.ar\/web\/wp-content\/uploads\/campo-de-deportes-home.jpg\u00bb background_blend=\u00bbmultiply\u00bb global_colors_info=\u00bb{}\u00bb][et_pb_row _builder_version=\u00bb4.17.4&#8243; _module_preset=\u00bbdefault\u00bb width=\u00bb90%\u00bb max_width=\u00bb100%\u00bb global_colors_info=\u00bb{}\u00bb][et_pb_column type=\u00bb4_4&#8243; _builder_version=\u00bb4.17.4&#8243; _module_preset=\u00bbdefault\u00bb global_colors_info=\u00bb{}\u00bb][et_pb_text _builder_version=\u00bb4.18.0&#8243; _module_preset=\u00bbdefault\u00bb text_font=\u00bbOpen Sans|700|||||||\u00bb text_text_color=\u00bb#FFFFFF\u00bb text_font_size=\u00bb40px\u00bb text_orientation=\u00bbcenter\u00bb custom_margin=\u00bb||20px||false|false\u00bb custom_padding=\u00bb||||false|false\u00bb global_colors_info=\u00bb{}\u00bb]<\/p>\n<p>Comedor<\/p>\n<p>[\/et_pb_text][\/et_pb_column][\/et_pb_row][\/et_pb_section][et_pb_section fb_built=\u00bb1&#8243; custom_padding_last_edited=\u00bbon|phone\u00bb _builder_version=\u00bb4.18.0&#8243; _module_preset=\u00bbdefault\u00bb z_index=\u00bb50&#8243; custom_margin=\u00bb0px||0px||false|false\u00bb custom_padding=\u00bb60px||60px||true|false\u00bb custom_padding_tablet=\u00bb60px||60px||true|false\u00bb custom_padding_phone=\u00bb60px||40px||false|false\u00bb global_colors_info=\u00bb{}\u00bb][et_pb_row _builder_version=\u00bb4.18.0&#8243; _module_preset=\u00bbdefault\u00bb background_color=\u00bbgcid-45d5327b-641b-4169-973c-ef156f9e2d0a\u00bb max_width=\u00bb100%\u00bb custom_margin=\u00bb||60px||false|false\u00bb custom_padding=\u00bb40px|30px|40px|30px|true|true\u00bb border_width_bottom=\u00bb2px\u00bb border_color_bottom=\u00bbgcid-51c228db-bf35-4437-87b7-906a6b6a9585&#8243; border_style_bottom=\u00bbdashed\u00bb global_colors_info=\u00bb{%22gcid-51c228db-bf35-4437-87b7-906a6b6a9585%22:%91%22border_color_bottom%22%93,%22gcid-45d5327b-641b-4169-973c-ef156f9e2d0a%22:%91%22background_color%22%93}\u00bb][et_pb_column type=\u00bb4_4&#8243; _builder_version=\u00bb4.17.4&#8243; _module_preset=\u00bbdefault\u00bb global_colors_info=\u00bb{}\u00bb][et_pb_text _builder_version=\u00bb4.18.0&#8243; _module_preset=\u00bbdefault\u00bb text_font=\u00bbOpen Sans|700|||||||\u00bb text_text_color=\u00bbgcid-51c228db-bf35-4437-87b7-906a6b6a9585&#8243; text_font_size=\u00bb28px\u00bb custom_margin=\u00bb||30px||false|false\u00bb custom_padding=\u00bb0px||0px||true|false\u00bb global_colors_info=\u00bb{%22gcid-51c228db-bf35-4437-87b7-906a6b6a9585%22:%91%22text_text_color%22%93}\u00bb]<\/p>\n<p>Importante<\/p>\n<p>[\/et_pb_text][et_pb_text _builder_version=\u00bb4.27.4&#8243; _module_preset=\u00bbdefault\u00bb text_font=\u00bbOpen Sans||||||||\u00bb text_text_color=\u00bb#000000&#8243; text_line_height=\u00bb1.5em\u00bb custom_margin=\u00bb||20px||false|false\u00bb global_colors_info=\u00bb{}\u00bb]<\/p>\n<p>Todos los alumnos deben estar anotados en el enlace de reserva del comedor sin excepci\u00f3n alguna. Gracias por su comprensi\u00f3n.<\/p>\n<p>Consultas: Sra. Miryam &#8211; Celular <span style=\"color: #004516;\"><strong>11-6115-2966<\/strong><\/span><\/p>\n<p>[\/et_pb_text][et_pb_button button_url=\u00bbhttps:\/\/docs.google.com\/forms\/d\/e\/1FAIpQLSe0Ykuw0BEx378vM6FNC4B-k9N4hvsFM-K7pj9bTAJo7eBsyQ\/viewform\u00bb url_new_window=\u00bbon\u00bb button_text=\u00bbReserva QHS Comedor  \u00bb _builder_version=\u00bb4.18.0&#8243; _module_preset=\u00bbdefault\u00bb custom_button=\u00bbon\u00bb button_text_size=\u00bb16px\u00bb button_text_color=\u00bb#FFFFFF\u00bb button_bg_color=\u00bbgcid-51c228db-bf35-4437-87b7-906a6b6a9585&#8243; button_border_width=\u00bb0px\u00bb button_border_color=\u00bbRGBA(255,255,255,0)\u00bb button_border_radius=\u00bb10px\u00bb button_font=\u00bbOpen Sans|||on|||||\u00bb position_origin_a=\u00bbbottom_right\u00bb position_origin_f=\u00bbbottom_right\u00bb position_origin_r=\u00bbbottom_left\u00bb custom_padding=\u00bb10px|30px|10px|30px|true|true\u00bb global_colors_info=\u00bb{%22gcid-51c228db-bf35-4437-87b7-906a6b6a9585%22:%91%22button_bg_color%22%93,%22gcid-b92f950a-db32-4993-be09-4910f44b1245%22:%91%22button_bg_color__hover%22%93}\u00bb button_bg_color__hover_enabled=\u00bbon|hover\u00bb button_bg_color__hover=\u00bb#5e5e5e\u00bb button_bg_enable_color__hover=\u00bbon\u00bb][\/et_pb_button][\/et_pb_column][\/et_pb_row][et_pb_row _builder_version=\u00bb4.18.0&#8243; _module_preset=\u00bbdefault\u00bb module_alignment=\u00bbcenter\u00bb custom_margin=\u00bb-42px|auto||auto||\u00bb custom_padding=\u00bb||2px|||\u00bb global_colors_info=\u00bb{}\u00bb][et_pb_column type=\u00bb4_4&#8243; _builder_version=\u00bb4.18.0&#8243; _module_preset=\u00bbdefault\u00bb global_colors_info=\u00bb{}\u00bb][et_pb_text _builder_version=\u00bb4.27.4&#8243; _module_preset=\u00bbdefault\u00bb global_colors_info=\u00bb{}\u00bb]<\/p>\n<div data-olk-copy-source=\"MessageBody\" style=\"text-align: center;\">\n<div data-olk-copy-source=\"MessageBody\">\n<p>El men\u00fa est\u00e1 supervisado por la Lic. Mar\u00eda Elisa Casos.<\/p>\n<p>El men\u00fa se subir\u00e1 mensualmente a este sitio para que puedan ver la planificaci\u00f3n semanal\/mensual.<\/p>\n<\/div>\n<\/div>\n<p>[\/et_pb_text][\/et_pb_column][\/et_pb_row][et_pb_row _builder_version=\u00bb4.22.2&#8243; _module_preset=\u00bbdefault\u00bb global_colors_info=\u00bb{}\u00bb][et_pb_column type=\u00bb4_4&#8243; _builder_version=\u00bb4.22.2&#8243; _module_preset=\u00bbdefault\u00bb global_colors_info=\u00bb{}\u00bb][et_pb_image src=\u00bbhttps:\/\/www.qhs.com.ar\/web\/wp-content\/uploads\/2026\/04\/menu_jardin-2.jpg\u00bb title_text=\u00bbmenu_jardin\u00bb align=\u00bbcenter\u00bb _builder_version=\u00bb4.27.4&#8243; _module_preset=\u00bbdefault\u00bb min_height=\u00bb518.8px\u00bb custom_margin=\u00bb||-1px|||\u00bb custom_padding=\u00bb6px|||||\u00bb hover_enabled=\u00bb0&#8243; global_colors_info=\u00bb{}\u00bb sticky_enabled=\u00bb0&#8243;][\/et_pb_image][et_pb_image src=\u00bbhttps:\/\/www.qhs.com.ar\/web\/wp-content\/uploads\/2026\/04\/menu_primario-1.jpg\u00bb title_text=\u00bbmenu_primario\u00bb align=\u00bbcenter\u00bb _builder_version=\u00bb4.27.4&#8243; _module_preset=\u00bbdefault\u00bb min_height=\u00bb647.8px\u00bb custom_margin=\u00bb49px||-141px|||\u00bb custom_padding=\u00bb15px||55px|||\u00bb hover_enabled=\u00bb0&#8243; global_colors_info=\u00bb{}\u00bb sticky_enabled=\u00bb0&#8243;][\/et_pb_image][et_pb_image src=\u00bbhttps:\/\/www.qhs.com.ar\/web\/wp-content\/uploads\/2026\/04\/menu_salad.jpg\u00bb title_text=\u00bbmenu_salad\u00bb align=\u00bbcenter\u00bb force_fullwidth=\u00bbon\u00bb _builder_version=\u00bb4.27.4&#8243; _module_preset=\u00bbdefault\u00bb min_height=\u00bb218px\u00bb custom_margin=\u00bb49px||-141px|||\u00bb custom_padding=\u00bb75px||55px|||\u00bb global_colors_info=\u00bb{}\u00bb][\/et_pb_image][\/et_pb_column][\/et_pb_row][et_pb_row _builder_version=\u00bb4.27.4&#8243; _module_preset=\u00bbdefault\u00bb global_colors_info=\u00bb{}\u00bb][et_pb_column type=\u00bb4_4&#8243; _builder_version=\u00bb4.27.4&#8243; _module_preset=\u00bbdefault\u00bb global_colors_info=\u00bb{}\u00bb][\/et_pb_column][\/et_pb_row][et_pb_row _builder_version=\u00bb4.22.2&#8243; _module_preset=\u00bbdefault\u00bb max_width=\u00bb90%\u00bb custom_padding=\u00bb0px||0px||true|false\u00bb global_colors_info=\u00bb{}\u00bb][et_pb_column type=\u00bb4_4&#8243; _builder_version=\u00bb4.17.6&#8243; _module_preset=\u00bbdefault\u00bb global_colors_info=\u00bb{}\u00bb][et_pb_image title_text=\u00bbcomedor_jardin\u00bb align=\u00bbcenter\u00bb _builder_version=\u00bb4.22.2&#8243; _module_preset=\u00bbdefault\u00bb custom_margin=\u00bb-336px|||||\u00bb global_colors_info=\u00bb{}\u00bb][\/et_pb_image][\/et_pb_column][\/et_pb_row][et_pb_row custom_padding_last_edited=\u00bbon|phone\u00bb _builder_version=\u00bb4.18.0&#8243; _module_preset=\u00bbdefault\u00bb background_enable_color=\u00bboff\u00bb max_width=\u00bb100%\u00bb custom_margin=\u00bb0px||0px||false|false\u00bb custom_padding=\u00bb0px|30px|20px|30px|false|true\u00bb custom_padding_tablet=\u00bb0px|30px|20px|30px|false|true\u00bb custom_padding_phone=\u00bb|0px||0px|false|true\u00bb border_color_bottom=\u00bbgcid-51c228db-bf35-4437-87b7-906a6b6a9585&#8243; border_style_bottom=\u00bbdashed\u00bb locked=\u00bboff\u00bb global_colors_info=\u00bb{%22gcid-51c228db-bf35-4437-87b7-906a6b6a9585%22:%91%22border_color_bottom%22%93,%22gcid-45d5327b-641b-4169-973c-ef156f9e2d0a%22:%91%22background_color%22%93}\u00bb][et_pb_column type=\u00bb4_4&#8243; _builder_version=\u00bb4.17.4&#8243; _module_preset=\u00bbdefault\u00bb global_colors_info=\u00bb{}\u00bb][et_pb_text _builder_version=\u00bb4.18.0&#8243; _module_preset=\u00bbdefault\u00bb text_font=\u00bbOpen Sans|700|||||||\u00bb text_text_color=\u00bbgcid-51c228db-bf35-4437-87b7-906a6b6a9585&#8243; text_font_size=\u00bb28px\u00bb text_line_height=\u00bb32px\u00bb custom_margin=\u00bb||30px||false|false\u00bb custom_padding=\u00bb0px||0px||true|false\u00bb locked=\u00bboff\u00bb global_colors_info=\u00bb{%22gcid-51c228db-bf35-4437-87b7-906a6b6a9585%22:%91%22text_text_color%22,%22text_text_color%22%93}\u00bb]Reglamento Servicio de Comedor[\/et_pb_text][et_pb_text _builder_version=\u00bb4.27.4&#8243; _module_preset=\u00bbdefault\u00bb text_font=\u00bbOpen Sans||||||||\u00bb text_text_color=\u00bb#000000&#8243; text_line_height=\u00bb1.5em\u00bb custom_margin=\u00bb||||false|false\u00bb global_colors_info=\u00bb{}\u00bb]<\/p>\n<p><strong>Estimadas Familias:<\/strong><\/p>\n<p>El Comedor les informa que:<\/p>\n<ul>\n<li>El men\u00fa consiste de un plato principal con guarnici\u00f3n, ensalada, pan y postre.<\/li>\n<li>Para beber se servir\u00e1 agua, jugo o gaseosa (1 vaso, l\u00ednea Coca-Cola\u00ae) en vaso.<\/li>\n<li>Para quienes deban seguir un r\u00e9gimen de comidas especial, se deber\u00e1 presentar certificado m\u00e9dico y hacerlo saber al Comedor con anticipaci\u00f3n.<\/li>\n<li>Los pagos deber\u00e1n hacerse por adelantado de forma diaria, semanal o mensual. Los medios de pago nos los pueden consultar al +54 9 11 6115 2966 Whatsapp (Sra Myriam). Favor de encaminar las consultas por ese medio, al igual que el env\u00edo de los comprobantes de transferencias realizadas.<\/li>\n<li>Encargado del Comedor: Sr. Antonio Aversano.<\/li>\n<li>El cuidado del alumnado en el Comedor ser\u00e1 responsabilidad de personal docente de la Instituci\u00f3n.<\/li>\n<li>Nivel Primario: Las reservas deber\u00e1n hacerse mediante el fomulario al que podr\u00e1n acceder\u00a0<a href=\"https:\/\/docs.google.com\/forms\/d\/e\/1FAIpQLSe0Ykuw0BEx378vM6FNC4B-k9N4hvsFM-K7pj9bTAJo7eBsyQ\/viewform\"><strong>desde aqu\u00ed<\/strong>\u00a0<\/a>(al hacer click, se abrir\u00e1 ventana nueva). Este formulario es el \u00fanico medio disponible para reservas de servicio de Comedor para alumnos de nivel Primario. Si bien estar\u00e1 disponible de forma permanente, todas las ma\u00f1anas se har\u00e1 un corte a las 9h00 para procesar las respuestas recibidas hasta ese momento a los efectos de planificar el servicio del d\u00eda.<\/li>\n<\/ul>\n<p><strong>El Comedor<\/strong><\/p>\n<p>[\/et_pb_text][\/et_pb_column][\/et_pb_row][\/et_pb_section]<\/p>\n","protected":false},"excerpt":{"rendered":"<p>ComedorImportanteTodos los alumnos deben estar anotados en el enlace de reserva del comedor sin excepci\u00f3n alguna. Gracias por su comprensi\u00f3n. Consultas: Sra. Miryam &#8211; Celular 11-6115-2966 El men\u00fa est\u00e1 supervisado por la Lic. Mar\u00eda Elisa Casos. El men\u00fa se subir\u00e1 mensualmente a este sitio para que puedan ver la planificaci\u00f3n semanal\/mensual. Reglamento Servicio de ComedorEstimadas [&hellip;]<\/p>\n","protected":false},"author":2,"featured_media":0,"parent":0,"menu_order":0,"comment_status":"closed","ping_status":"closed","template":"","meta":{"_et_pb_use_builder":"on","_et_pb_old_content":"","_et_gb_content_width":"","footnotes":""},"class_list":["post-995","page","type-page","status-publish","hentry"],"_links":{"self":[{"href":"https:\/\/www.qhs.com.ar\/web\/index.php\/wp-json\/wp\/v2\/pages\/995","targetHints":{"allow":["GET"]}}],"collection":[{"href":"https:\/\/www.qhs.com.ar\/web\/index.php\/wp-json\/wp\/v2\/pages"}],"about":[{"href":"https:\/\/www.qhs.com.ar\/web\/index.php\/wp-json\/wp\/v2\/types\/page"}],"author":[{"embeddable":true,"href":"https:\/\/www.qhs.com.ar\/web\/index.php\/wp-json\/wp\/v2\/users\/2"}],"replies":[{"embeddable":true,"href":"https:\/\/www.qhs.com.ar\/web\/index.php\/wp-json\/wp\/v2\/comments?post=995"}],"version-history":[{"count":65,"href":"https:\/\/www.qhs.com.ar\/web\/index.php\/wp-json\/wp\/v2\/pages\/995\/revisions"}],"predecessor-version":[{"id":2662,"href":"https:\/\/www.qhs.com.ar\/web\/index.php\/wp-json\/wp\/v2\/pages\/995\/revisions\/2662"}],"wp:attachment":[{"href":"https:\/\/www.qhs.com.ar\/web\/index.php\/wp-json\/wp\/v2\/media?parent=995"}],"curies":[{"name":"wp","href":"https:\/\/api.w.org\/{rel}","templated":true}]}}