{"id":959,"date":"2022-08-16T19:26:40","date_gmt":"2022-08-16T22:26:40","guid":{"rendered":"http:\/\/www.qhs.com.ar\/web\/?page_id=959"},"modified":"2024-12-29T18:27:35","modified_gmt":"2024-12-29T21:27:35","slug":"jardin-de-infantes","status":"publish","type":"page","link":"https:\/\/www.qhs.com.ar\/web\/index.php\/jardin-de-infantes\/","title":{"rendered":"Jard\u00edn de Infantes"},"content":{"rendered":"<p>[et_pb_section fb_built=\u00bb1&#8243; _builder_version=\u00bb4.17.4&#8243; _module_preset=\u00bbdefault\u00bb background_color=\u00bbrgba(0,69,22,0.87)\u00bb background_image=\u00bbhttps:\/\/www.qhs.com.ar\/web\/wp-content\/uploads\/campo-de-deportes-home.jpg\u00bb background_blend=\u00bbmultiply\u00bb global_colors_info=\u00bb{}\u00bb][et_pb_row _builder_version=\u00bb4.17.4&#8243; _module_preset=\u00bbdefault\u00bb width=\u00bb90%\u00bb max_width=\u00bb100%\u00bb global_colors_info=\u00bb{}\u00bb][et_pb_column type=\u00bb4_4&#8243; _builder_version=\u00bb4.17.4&#8243; _module_preset=\u00bbdefault\u00bb global_colors_info=\u00bb{}\u00bb][et_pb_text _builder_version=\u00bb4.18.0&#8243; _module_preset=\u00bbdefault\u00bb text_font=\u00bbOpen Sans|700|||||||\u00bb text_text_color=\u00bb#FFFFFF\u00bb text_font_size=\u00bb40px\u00bb text_line_height=\u00bb44px\u00bb text_orientation=\u00bbcenter\u00bb custom_margin=\u00bb||20px||false|false\u00bb custom_padding=\u00bb||||false|false\u00bb global_colors_info=\u00bb{}\u00bb]<\/p>\n<p>Jard\u00edn de Infantes<\/p>\n<p>[\/et_pb_text][\/et_pb_column][\/et_pb_row][\/et_pb_section][et_pb_section fb_built=\u00bb1&#8243; custom_padding_last_edited=\u00bbon|phone\u00bb _builder_version=\u00bb4.18.0&#8243; _module_preset=\u00bbdefault\u00bb z_index=\u00bb50&#8243; custom_margin=\u00bb0px||17px||false|false\u00bb custom_padding=\u00bb60px||0px||false|false\u00bb custom_padding_tablet=\u00bb60px||0px||false|false\u00bb custom_padding_phone=\u00bb40px||||false|false\u00bb locked=\u00bboff\u00bb global_colors_info=\u00bb{}\u00bb][et_pb_row _builder_version=\u00bb4.17.4&#8243; _module_preset=\u00bbdefault\u00bb max_width=\u00bb100%\u00bb custom_padding=\u00bb0px||0px||true|false\u00bb global_colors_info=\u00bb{}\u00bb][et_pb_column type=\u00bb4_4&#8243; _builder_version=\u00bb4.17.4&#8243; _module_preset=\u00bbdefault\u00bb global_colors_info=\u00bb{}\u00bb][et_pb_text _builder_version=\u00bb4.17.6&#8243; _module_preset=\u00bbdefault\u00bb text_font=\u00bbOpen Sans|700|||||||\u00bb text_text_color=\u00bbgcid-51c228db-bf35-4437-87b7-906a6b6a9585&#8243; text_font_size=\u00bb28px\u00bb custom_margin=\u00bb||20px||false|false\u00bb custom_padding=\u00bb0px||0px||true|false\u00bb global_colors_info=\u00bb{%22gcid-51c228db-bf35-4437-87b7-906a6b6a9585%22:%91%22text_text_color%22%93}\u00bb]<\/p>\n<p>Uniforme<\/p>\n<p>[\/et_pb_text][\/et_pb_column][\/et_pb_row][et_pb_row _builder_version=\u00bb4.18.0&#8243; _module_preset=\u00bbdefault\u00bb max_width=\u00bb90%\u00bb custom_margin=\u00bb||50px||false|false\u00bb custom_margin_tablet=\u00bb||50px||false|false\u00bb custom_margin_phone=\u00bb||0px||false|false\u00bb custom_margin_last_edited=\u00bbon|phone\u00bb custom_padding=\u00bb10px||10px||false|false\u00bb border_color_bottom=\u00bbgcid-51c228db-bf35-4437-87b7-906a6b6a9585&#8243; border_style_bottom=\u00bbdashed\u00bb global_colors_info=\u00bb{%22gcid-51c228db-bf35-4437-87b7-906a6b6a9585%22:%91%22border_color_bottom%22%93}\u00bb][et_pb_column type=\u00bb4_4&#8243; _builder_version=\u00bb4.17.6&#8243; _module_preset=\u00bbdefault\u00bb global_colors_info=\u00bb{}\u00bb][et_pb_text _builder_version=\u00bb4.22.2&#8243; _module_preset=\u00bbdefault\u00bb text_font=\u00bbOpen Sans||||||||\u00bb text_text_color=\u00bb#000000&#8243; text_line_height=\u00bb1.5em\u00bb custom_margin=\u00bb||20px||false|false\u00bb global_colors_info=\u00bb{}\u00bb]<\/p>\n<p>&nbsp;<\/p>\n<p>Los h\u00e1bitos de higiene, orden y prolijidad se inician en este nivel, por ello se debe tener muy en cuenta la presentaci\u00f3n del ni\u00f1o\/a con el uniforme en perfectas condiciones.<\/p>\n<p>&#8211; Chomba oficial con escudo \/ Remera blanca<\/p>\n<p>&#8211; Pantal\u00f3n,\u00a0 short o pollera-pantal\u00f3n deportiva verde reglamentario<\/p>\n<p>&#8211; Buzo y campera verde con escudo<\/p>\n<p>&#8211; Zapatillas y medias blancas (sin dibujos ni otros colores).<\/p>\n<p>&#8211; Campera de abrigo verde del uniforme.<\/p>\n<p>&#8211; Accesorios (mo\u00f1os, bufandas, guantes y gorros) blancos o verde reglamentarios Los mismos no deben interferir en el accionar seguro del alumno dentro del Jard\u00edn<\/p>\n<p>&nbsp;<\/p>\n<p>[\/et_pb_text][\/et_pb_column][\/et_pb_row][\/et_pb_section]<\/p>\n","protected":false},"excerpt":{"rendered":"<p>Jard\u00edn de InfantesUniforme&nbsp; Los h\u00e1bitos de higiene, orden y prolijidad se inician en este nivel, por ello se debe tener muy en cuenta la presentaci\u00f3n del ni\u00f1o\/a con el uniforme en perfectas condiciones. &#8211; Chomba oficial con escudo \/ Remera blanca &#8211; Pantal\u00f3n,\u00a0 short o pollera-pantal\u00f3n deportiva verde reglamentario &#8211; Buzo y campera verde con [&hellip;]<\/p>\n","protected":false},"author":2,"featured_media":0,"parent":0,"menu_order":0,"comment_status":"closed","ping_status":"closed","template":"","meta":{"_et_pb_use_builder":"on","_et_pb_old_content":"","_et_gb_content_width":"","footnotes":""},"class_list":["post-959","page","type-page","status-publish","hentry"],"_links":{"self":[{"href":"https:\/\/www.qhs.com.ar\/web\/index.php\/wp-json\/wp\/v2\/pages\/959","targetHints":{"allow":["GET"]}}],"collection":[{"href":"https:\/\/www.qhs.com.ar\/web\/index.php\/wp-json\/wp\/v2\/pages"}],"about":[{"href":"https:\/\/www.qhs.com.ar\/web\/index.php\/wp-json\/wp\/v2\/types\/page"}],"author":[{"embeddable":true,"href":"https:\/\/www.qhs.com.ar\/web\/index.php\/wp-json\/wp\/v2\/users\/2"}],"replies":[{"embeddable":true,"href":"https:\/\/www.qhs.com.ar\/web\/index.php\/wp-json\/wp\/v2\/comments?post=959"}],"version-history":[{"count":8,"href":"https:\/\/www.qhs.com.ar\/web\/index.php\/wp-json\/wp\/v2\/pages\/959\/revisions"}],"predecessor-version":[{"id":2453,"href":"https:\/\/www.qhs.com.ar\/web\/index.php\/wp-json\/wp\/v2\/pages\/959\/revisions\/2453"}],"wp:attachment":[{"href":"https:\/\/www.qhs.com.ar\/web\/index.php\/wp-json\/wp\/v2\/media?parent=959"}],"curies":[{"name":"wp","href":"https:\/\/api.w.org\/{rel}","templated":true}]}}