{"id":494,"date":"2022-07-17T23:26:28","date_gmt":"2022-07-18T02:26:28","guid":{"rendered":"http:\/\/www.qhs.com.ar\/web\/?page_id=494"},"modified":"2022-09-06T18:42:45","modified_gmt":"2022-09-06T21:42:45","slug":"que-son-las-houses","status":"publish","type":"page","link":"https:\/\/www.qhs.com.ar\/web\/index.php\/que-son-las-houses\/","title":{"rendered":"\u00bfQu\u00e9 son las Houses?"},"content":{"rendered":"<p>[et_pb_section fb_built=\u00bb1&#8243; _builder_version=\u00bb4.17.4&#8243; _module_preset=\u00bbdefault\u00bb background_color=\u00bbrgba(0,69,22,0.87)\u00bb background_image=\u00bbhttps:\/\/www.qhs.com.ar\/web\/wp-content\/uploads\/campo-de-deportes-home.jpg\u00bb background_blend=\u00bbmultiply\u00bb global_colors_info=\u00bb{}\u00bb][et_pb_row _builder_version=\u00bb4.17.4&#8243; _module_preset=\u00bbdefault\u00bb width=\u00bb90%\u00bb max_width=\u00bb100%\u00bb global_colors_info=\u00bb{}\u00bb][et_pb_column type=\u00bb4_4&#8243; _builder_version=\u00bb4.17.4&#8243; _module_preset=\u00bbdefault\u00bb global_colors_info=\u00bb{}\u00bb][et_pb_text _builder_version=\u00bb4.17.6&#8243; _module_preset=\u00bbdefault\u00bb text_font=\u00bbOpen Sans|700|||||||\u00bb text_text_color=\u00bb#FFFFFF\u00bb text_font_size=\u00bb40px\u00bb text_orientation=\u00bbcenter\u00bb custom_margin=\u00bb||20px||false|false\u00bb custom_padding=\u00bb||||false|false\u00bb global_colors_info=\u00bb{}\u00bb]<\/p>\n<p>La Instituci\u00f3n<\/p>\n<p>[\/et_pb_text][\/et_pb_column][\/et_pb_row][\/et_pb_section][et_pb_section fb_built=\u00bb1&#8243; _builder_version=\u00bb4.18.0&#8243; _module_preset=\u00bbdefault\u00bb z_index=\u00bb50&#8243; custom_margin=\u00bb0px||80px||false|false\u00bb custom_padding=\u00bb60px||0px||false|false\u00bb hover_enabled=\u00bb0&#8243; global_colors_info=\u00bb{}\u00bb custom_margin_last_edited=\u00bbon|phone\u00bb custom_margin_phone=\u00bb0px||30px||false|false\u00bb sticky_enabled=\u00bb0&#8243; custom_margin_tablet=\u00bb0px||80px||false|false\u00bb][et_pb_row _builder_version=\u00bb4.17.4&#8243; _module_preset=\u00bbdefault\u00bb max_width=\u00bb100%\u00bb custom_padding=\u00bb0px||0px||true|false\u00bb global_colors_info=\u00bb{}\u00bb][et_pb_column type=\u00bb4_4&#8243; _builder_version=\u00bb4.17.4&#8243; _module_preset=\u00bbdefault\u00bb global_colors_info=\u00bb{}\u00bb][et_pb_text _builder_version=\u00bb4.17.6&#8243; _module_preset=\u00bbdefault\u00bb text_font=\u00bbOpen Sans|700|||||||\u00bb text_text_color=\u00bbgcid-51c228db-bf35-4437-87b7-906a6b6a9585&#8243; text_font_size=\u00bb28px\u00bb custom_margin=\u00bb||30px||false|false\u00bb custom_padding=\u00bb0px||0px||true|false\u00bb global_colors_info=\u00bb{%22gcid-51c228db-bf35-4437-87b7-906a6b6a9585%22:%91%22text_text_color%22%93}\u00bb]\u00bfQu\u00e9 son las Houses?[\/et_pb_text][et_pb_text _builder_version=\u00bb4.17.6&#8243; _module_preset=\u00bbdefault\u00bb text_font=\u00bbOpen Sans||||||||\u00bb text_text_color=\u00bb#000000&#8243; text_line_height=\u00bb1.5em\u00bb custom_margin=\u00bb||20px||false|false\u00bb global_colors_info=\u00bb{}\u00bb]<\/p>\n<p>A partir de Junior I (tercer a\u00f1o del primario) la totalidad del alumnado se halla dividido en tres Houses (casas, m\u00e1s bien equipos): <strong>Hudson<\/strong>, <strong>Livingstone<\/strong> y <strong>Shackleton<\/strong> (cada uno de ellos con sus colores identificatorios que son respectivamente azul, amarillo y rojo).<\/p>\n<p>[\/et_pb_text][\/et_pb_column][\/et_pb_row][et_pb_row column_structure=\u00bb1_3,1_3,1_3&#8243; _builder_version=\u00bb4.18.0&#8243; _module_preset=\u00bbdefault\u00bb max_width=\u00bb30%\u00bb custom_margin=\u00bb0px||20px||false|true\u00bb custom_padding=\u00bb||||true|true\u00bb hover_enabled=\u00bb0&#8243; global_colors_info=\u00bb{}\u00bb max_width_last_edited=\u00bbon|phone\u00bb max_width_phone=\u00bb100%\u00bb width_last_edited=\u00bbon|phone\u00bb width_phone=\u00bb90%\u00bb sticky_enabled=\u00bb0&#8243; custom_css_main_element_last_edited=\u00bbon|phone\u00bb custom_css_main_element_phone=\u00bbdisplay: flex; \u00bb custom_padding_last_edited=\u00bbon|phone\u00bb custom_padding_phone=\u00bb20px||0px||false|true\u00bb custom_margin_last_edited=\u00bbon|phone\u00bb custom_margin_phone=\u00bb0px||0px||false|true\u00bb max_width_tablet=\u00bb30%\u00bb custom_padding_tablet=\u00bb||||true|true\u00bb custom_margin_tablet=\u00bb0px||20px||false|true\u00bb][et_pb_column type=\u00bb1_3&#8243; _builder_version=\u00bb4.17.6&#8243; _module_preset=\u00bbdefault\u00bb global_colors_info=\u00bb{}\u00bb][et_pb_image src=\u00bbhttps:\/\/www.qhs.com.ar\/web\/wp-content\/uploads\/logo-hudson.png\u00bb title_text=\u00bblogo-hudson\u00bb align=\u00bbcenter\u00bb _builder_version=\u00bb4.18.0&#8243; _module_preset=\u00bbdefault\u00bb width=\u00bb70%\u00bb hover_enabled=\u00bb0&#8243; global_colors_info=\u00bb{}\u00bb transform_styles__hover_enabled=\u00bbon|hover\u00bb transform_scale__hover_enabled=\u00bbon|hover\u00bb transform_translate__hover_enabled=\u00bbon|desktop\u00bb transform_rotate__hover_enabled=\u00bbon|desktop\u00bb transform_skew__hover_enabled=\u00bbon|desktop\u00bb transform_origin__hover_enabled=\u00bbon|desktop\u00bb transform_scale__hover=\u00bb110%|110%\u00bb width_last_edited=\u00bbon|phone\u00bb width_phone=\u00bb60%\u00bb sticky_enabled=\u00bb0&#8243; width_tablet=\u00bb70%\u00bb][\/et_pb_image][\/et_pb_column][et_pb_column type=\u00bb1_3&#8243; _builder_version=\u00bb4.17.6&#8243; _module_preset=\u00bbdefault\u00bb global_colors_info=\u00bb{}\u00bb][et_pb_image src=\u00bbhttps:\/\/www.qhs.com.ar\/web\/wp-content\/uploads\/logo-livingstone.png\u00bb title_text=\u00bblogo-livingstone\u00bb align=\u00bbcenter\u00bb _builder_version=\u00bb4.18.0&#8243; _module_preset=\u00bbdefault\u00bb width=\u00bb70%\u00bb hover_enabled=\u00bb0&#8243; global_colors_info=\u00bb{}\u00bb transform_styles__hover_enabled=\u00bbon|hover\u00bb transform_scale__hover_enabled=\u00bbon|hover\u00bb transform_translate__hover_enabled=\u00bbon|desktop\u00bb transform_rotate__hover_enabled=\u00bbon|desktop\u00bb transform_skew__hover_enabled=\u00bbon|desktop\u00bb transform_origin__hover_enabled=\u00bbon|desktop\u00bb transform_scale__hover=\u00bb110%|110%\u00bb width_last_edited=\u00bbon|phone\u00bb width_phone=\u00bb60%\u00bb sticky_enabled=\u00bb0&#8243; width_tablet=\u00bb70%\u00bb][\/et_pb_image][\/et_pb_column][et_pb_column type=\u00bb1_3&#8243; _builder_version=\u00bb4.17.6&#8243; _module_preset=\u00bbdefault\u00bb global_colors_info=\u00bb{}\u00bb][et_pb_image src=\u00bbhttps:\/\/www.qhs.com.ar\/web\/wp-content\/uploads\/logo-shackleton.png\u00bb title_text=\u00bblogo-shackleton\u00bb align=\u00bbcenter\u00bb _builder_version=\u00bb4.18.0&#8243; _module_preset=\u00bbdefault\u00bb width=\u00bb75%\u00bb hover_enabled=\u00bb0&#8243; global_colors_info=\u00bb{}\u00bb transform_styles__hover_enabled=\u00bbon|hover\u00bb transform_scale__hover_enabled=\u00bbon|hover\u00bb transform_translate__hover_enabled=\u00bbon|desktop\u00bb transform_rotate__hover_enabled=\u00bbon|desktop\u00bb transform_skew__hover_enabled=\u00bbon|desktop\u00bb transform_origin__hover_enabled=\u00bbon|desktop\u00bb transform_scale__hover=\u00bb110%|110%\u00bb width_last_edited=\u00bbon|phone\u00bb width_phone=\u00bb60%\u00bb sticky_enabled=\u00bb0&#8243; width_tablet=\u00bb75%\u00bb][\/et_pb_image][\/et_pb_column][\/et_pb_row][et_pb_row column_structure=\u00bb1_2,1_2&#8243; _builder_version=\u00bb4.17.6&#8243; _module_preset=\u00bbdefault\u00bb max_width=\u00bb90%\u00bb custom_padding=\u00bb0px||0px||true|false\u00bb global_colors_info=\u00bb{}\u00bb][et_pb_column type=\u00bb1_2&#8243; _builder_version=\u00bb4.17.6&#8243; _module_preset=\u00bbdefault\u00bb global_colors_info=\u00bb{}\u00bb][et_pb_text _builder_version=\u00bb4.17.6&#8243; _module_preset=\u00bbdefault\u00bb text_font=\u00bbOpen Sans||||||||\u00bb text_text_color=\u00bb#000000&#8243; text_line_height=\u00bb1.5em\u00bb custom_margin=\u00bb||20px||false|false\u00bb hover_enabled=\u00bb0&#8243; global_colors_info=\u00bb{}\u00bb sticky_enabled=\u00bb0&#8243;]<\/p>\n<p>A trav\u00e9s de ellas, los alumnos obtienen puntos por trabajo, prolijidad, conducta y actividad deportiva. Existen tambi\u00e9n dos distinciones que se otorgan por m\u00e9rito y por esfuerzo.<\/p>\n<p>Al finalizar cada trimestre se realiza un Housemeeting (Encuentro de las Casas), donde los alumnos reciben una distinci\u00f3n seg\u00fan la cantidad de puntos acumulados durante el transcurso del per\u00edodo transcurrido. Anualmente se realiza una competencia deportiva Interhouse en la cual las distintas Houses compiten en Hockey, Football, Handball, Atletismo y el tradicional Tug of War (cinchada). El ganador obtiene el Interhouse Shield (escudo) el que mantiene en custodia hasta el a\u00f1o siguiente,.<\/p>\n<p>[\/et_pb_text][\/et_pb_column][et_pb_column type=\u00bb1_2&#8243; _builder_version=\u00bb4.17.6&#8243; _module_preset=\u00bbdefault\u00bb global_colors_info=\u00bb{}\u00bb][et_pb_text _builder_version=\u00bb4.17.6&#8243; _module_preset=\u00bbdefault\u00bb text_font=\u00bbOpen Sans||||||||\u00bb text_text_color=\u00bb#000000&#8243; text_line_height=\u00bb1.5em\u00bb custom_margin=\u00bb||20px||false|false\u00bb global_colors_info=\u00bb{}\u00bb]<\/p>\n<p>De la misma manera al finalizar el A\u00f1o Acad\u00e9mico el equipo que obtiene la mayor cantidad de points (puntos) obtiene el Homeshield, el que guarda en custodia hasta el a\u00f1o siguiente.<\/p>\n<p>Cabe agregar que esta actividad est\u00e1 liderada por los alumnos llamados Prefects quienes llegan a serlo por las calificaciones obtenidas, la actividad deportiva y tambi\u00e9n por su personalidad y conducta. Los Prefects son seleccionados entre los alumnos de Junior IV (sexto a\u00f1o del primario).<\/p>\n<p>Toda esta tarea se halla supervisada por la Direcci\u00f3n y Housemistresses, docentes de reconocida trayectoria en nuestro Colegio y elegidas por el Equipo Directivo.<\/p>\n<p>[\/et_pb_text][\/et_pb_column][\/et_pb_row][et_pb_row column_structure=\u00bb1_3,1_3,1_3&#8243; use_custom_gutter=\u00bbon\u00bb gutter_width=\u00bb2&#8243; _builder_version=\u00bb4.17.6&#8243; _module_preset=\u00bbdefault\u00bb max_width=\u00bb90%\u00bb global_colors_info=\u00bb{}\u00bb][et_pb_column type=\u00bb1_3&#8243; _builder_version=\u00bb4.17.6&#8243; _module_preset=\u00bbdefault\u00bb global_colors_info=\u00bb{}\u00bb][et_pb_image src=\u00bbhttps:\/\/www.qhs.com.ar\/web\/wp-content\/uploads\/houses-01.jpg\u00bb _builder_version=\u00bb4.17.6&#8243; _module_preset=\u00bbdefault\u00bb global_colors_info=\u00bb{}\u00bb][\/et_pb_image][\/et_pb_column][et_pb_column type=\u00bb1_3&#8243; _builder_version=\u00bb4.17.6&#8243; _module_preset=\u00bbdefault\u00bb global_colors_info=\u00bb{}\u00bb][et_pb_image src=\u00bbhttps:\/\/www.qhs.com.ar\/web\/wp-content\/uploads\/houses-02.jpg\u00bb _builder_version=\u00bb4.17.6&#8243; _module_preset=\u00bbdefault\u00bb global_colors_info=\u00bb{}\u00bb][\/et_pb_image][\/et_pb_column][et_pb_column type=\u00bb1_3&#8243; _builder_version=\u00bb4.17.6&#8243; _module_preset=\u00bbdefault\u00bb global_colors_info=\u00bb{}\u00bb][et_pb_image src=\u00bbhttps:\/\/www.qhs.com.ar\/web\/wp-content\/uploads\/houses-03.jpg\u00bb _builder_version=\u00bb4.17.6&#8243; _module_preset=\u00bbdefault\u00bb global_colors_info=\u00bb{}\u00bb][\/et_pb_image][\/et_pb_column][\/et_pb_row][et_pb_row column_structure=\u00bb1_2,1_2&#8243; _builder_version=\u00bb4.18.0&#8243; _module_preset=\u00bbdefault\u00bb background_color=\u00bb#f2f2f2&#8243; max_width=\u00bb90%\u00bb custom_padding=\u00bb40px|40px|0px|40px|false|true\u00bb hover_enabled=\u00bb0&#8243; border_width_top=\u00bb2px\u00bb border_color_top=\u00bbgcid-51c228db-bf35-4437-87b7-906a6b6a9585&#8243; border_style_top=\u00bbdashed\u00bb global_colors_info=\u00bb{%22gcid-51c228db-bf35-4437-87b7-906a6b6a9585%22:%91%22border_color_top%22%93}\u00bb sticky_enabled=\u00bb0&#8243; custom_padding_last_edited=\u00bbon|phone\u00bb custom_padding_phone=\u00bb40px|20px|0px|20px|false|true\u00bb custom_padding_tablet=\u00bb40px|40px|0px|40px|false|true\u00bb][et_pb_column type=\u00bb1_2&#8243; _builder_version=\u00bb4.17.6&#8243; _module_preset=\u00bbdefault\u00bb hover_enabled=\u00bb0&#8243; global_colors_info=\u00bb{}\u00bb sticky_enabled=\u00bb0&#8243;][et_pb_text _builder_version=\u00bb4.18.0&#8243; _module_preset=\u00bbdefault\u00bb text_font=\u00bbOpen Sans||||||||\u00bb text_text_color=\u00bb#000000&#8243; text_line_height=\u00bb1.5em\u00bb custom_margin=\u00bb||20px||false|false\u00bb hover_enabled=\u00bb0&#8243; global_colors_info=\u00bb{}\u00bb custom_margin_last_edited=\u00bbon|phone\u00bb custom_margin_phone=\u00bb||0px||false|false\u00bb sticky_enabled=\u00bb0&#8243; custom_margin_tablet=\u00bb||20px||false|false\u00bb]<\/p>\n<p><strong>Games Prefects<\/strong><\/p>\n<p>A partir del a\u00f1o 2002 se puso en marcha el proyecto \u00abGames Prefects\u00bb. Por primera vez fueron elegidos Games Prefects: un var\u00f3n y una ni\u00f1a, para cada casa en el nivel E.P. &#8211; English Primary.<\/p>\n<p>Para lograr esa distinci\u00f3n, los alumnos deben reunir ciertas cualidades:<br \/><span style=\"font-size: 15px;\">\u00a0<\/span><\/p>\n<ul>\n<li>Capacidad organizativa<\/li>\n<li>Liderazgo de grupos<\/li>\n<li>Rendimiento en el aspecto deportivo<\/li>\n<li>Conducta<\/li>\n<li>Tener conducta deportiva<\/li>\n<\/ul>\n<p>[\/et_pb_text][\/et_pb_column][et_pb_column type=\u00bb1_2&#8243; _builder_version=\u00bb4.17.6&#8243; _module_preset=\u00bbdefault\u00bb global_colors_info=\u00bb{}\u00bb][et_pb_text _builder_version=\u00bb4.17.6&#8243; _module_preset=\u00bbdefault\u00bb text_font=\u00bbOpen Sans||||||||\u00bb text_text_color=\u00bb#000000&#8243; text_line_height=\u00bb1.5em\u00bb custom_margin=\u00bb||20px||false|false\u00bb global_colors_info=\u00bb{}\u00bb]<\/p>\n<p><strong>Games Points<\/strong><\/p>\n<p>\u00bfC\u00f3mo se \u00abganan\u00bb puntos en Deportes?<br \/>Para la entrega de points, los profesores eval\u00faan a sus alumnos en tres aspectos importantes:<\/p>\n<ul>\n<li>Esfuerzo<\/li>\n<li>Rendimiento<\/li>\n<li>Conducta<\/li>\n<\/ul>\n<p>Los que cumplan con dichos requisitos, obtienen cr\u00e9ditos. Al finalizar el trimestre, el alumno que haya acumulado 8 points on, gana la cinta de Games. El alumno que no llegue a obtener los 8 points on, no recibe la cintita, pero suma puntos para su Casa.<\/p>\n<p>[\/et_pb_text][\/et_pb_column][\/et_pb_row][et_pb_row _builder_version=\u00bb4.18.0&#8243; _module_preset=\u00bbdefault\u00bb background_color=\u00bb#f2f2f2&#8243; max_width=\u00bb90%\u00bb custom_margin=\u00bb0px||||false|false\u00bb custom_padding=\u00bb0px|40px||40px|false|true\u00bb hover_enabled=\u00bb0&#8243; border_width_bottom=\u00bb2px\u00bb border_color_bottom=\u00bbgcid-51c228db-bf35-4437-87b7-906a6b6a9585&#8243; border_style_bottom=\u00bbdashed\u00bb global_colors_info=\u00bb{%22gcid-51c228db-bf35-4437-87b7-906a6b6a9585%22:%91%22border_color_bottom%22%93}\u00bb custom_padding_last_edited=\u00bbon|phone\u00bb custom_padding_phone=\u00bb0px|20px||20px|false|true\u00bb sticky_enabled=\u00bb0&#8243; custom_padding_tablet=\u00bb0px|40px||40px|false|true\u00bb][et_pb_column type=\u00bb4_4&#8243; _builder_version=\u00bb4.17.6&#8243; _module_preset=\u00bbdefault\u00bb global_colors_info=\u00bb{}\u00bb][et_pb_text _builder_version=\u00bb4.17.6&#8243; _module_preset=\u00bbdefault\u00bb text_font=\u00bbOpen Sans||||||||\u00bb text_text_color=\u00bb#000000&#8243; text_line_height=\u00bb1.5em\u00bb custom_margin=\u00bb||20px||false|false\u00bb locked=\u00bboff\u00bb global_colors_info=\u00bb{}\u00bb]<\/p>\n<p><strong>Proyecto Mejor Compa\u00f1ero<\/strong><\/p>\n<p>Para fomentar el compa\u00f1erismo y la buena convivencia entre los alumnos, se realiza una votaci\u00f3n en cada grado y son los propios pares quienes eligen a aquellos alumnos que ponen en pr\u00e1ctica los valores de solidaridad, respeto mutuo y amistad.<\/p>\n<p>Las elecciones se realizan despu\u00e9s de cada trimestre (3, tres) y al finalizar el ciclo lectivo, es elegido el que fue m\u00e1s votado en el a\u00f1o.<\/p>\n<p>[\/et_pb_text][\/et_pb_column][\/et_pb_row][et_pb_row _builder_version=\u00bb4.17.6&#8243; _module_preset=\u00bbdefault\u00bb max_width=\u00bb90%\u00bb custom_margin=\u00bb0px||0px||true|false\u00bb custom_padding=\u00bb40px||0px||false|false\u00bb global_colors_info=\u00bb{}\u00bb][et_pb_column type=\u00bb4_4&#8243; _builder_version=\u00bb4.17.6&#8243; _module_preset=\u00bbdefault\u00bb global_colors_info=\u00bb{}\u00bb][et_pb_text _builder_version=\u00bb4.17.6&#8243; _module_preset=\u00bbdefault\u00bb text_font=\u00bbOpen Sans||||||||\u00bb text_text_color=\u00bb#000000&#8243; text_line_height=\u00bb1.5em\u00bb custom_margin=\u00bb||20px||false|false\u00bb locked=\u00bboff\u00bb global_colors_info=\u00bb{}\u00bb]Las Houses son una tradici\u00f3n antigua y preciada de los colegios de las islas brit\u00e1nicas. Dado que el colegio tuvo origenes netamente brit\u00e1nicos, era de esperar que dicha tradici\u00f3n sea continuada aqu\u00ed.<\/p>\n<p>Hasta los profesores del colegio son miembros de alguna de estas Houses. Cuando entra un nuevo alumno al QHS, primero se estudia si tiene parentesco con alg\u00fan alumno ya presente o ex alumno (padres, t\u00edos, etc.) o inclusive profesor. Si es as\u00ed, se le anota en la House de ese pariente. Caso contrario, ser\u00e1 sorteado para corresponderle una House.<\/p>\n<p>El objetivo m\u00e1s importante para una House es el esfuerzo colectivo en pos de una finalidad en com\u00fan, no simplemente el aliento para un club. Es as\u00ed como un alumno aprende a estar en las buenas y en las malas de una entidad en la cual efectivamente participe.<\/p>\n<p>Cada House est\u00e1 nombrado en recuerdo de exploradores. El espiritu inquieto de aquellos exploradores que buscaban eliminar los espacios en blanco de los mapas de anta\u00f1o es el mismo que anima a los alumnos que integran las Houses&#8230; esto es, abarcar hasta donde se pueda en materia de conocimientos.[\/et_pb_text][\/et_pb_column][\/et_pb_row][\/et_pb_section]<\/p>\n","protected":false},"excerpt":{"rendered":"<p>La Instituci\u00f3n\u00bfQu\u00e9 son las Houses?A partir de Junior I (tercer a\u00f1o del primario) la totalidad del alumnado se halla dividido en tres Houses (casas, m\u00e1s bien equipos): Hudson, Livingstone y Shackleton (cada uno de ellos con sus colores identificatorios que son respectivamente azul, amarillo y rojo).A trav\u00e9s de ellas, los alumnos obtienen puntos por trabajo, [&hellip;]<\/p>\n","protected":false},"author":2,"featured_media":0,"parent":0,"menu_order":0,"comment_status":"closed","ping_status":"closed","template":"","meta":{"_et_pb_use_builder":"on","_et_pb_old_content":"","_et_gb_content_width":"","footnotes":""},"class_list":["post-494","page","type-page","status-publish","hentry"],"_links":{"self":[{"href":"https:\/\/www.qhs.com.ar\/web\/index.php\/wp-json\/wp\/v2\/pages\/494","targetHints":{"allow":["GET"]}}],"collection":[{"href":"https:\/\/www.qhs.com.ar\/web\/index.php\/wp-json\/wp\/v2\/pages"}],"about":[{"href":"https:\/\/www.qhs.com.ar\/web\/index.php\/wp-json\/wp\/v2\/types\/page"}],"author":[{"embeddable":true,"href":"https:\/\/www.qhs.com.ar\/web\/index.php\/wp-json\/wp\/v2\/users\/2"}],"replies":[{"embeddable":true,"href":"https:\/\/www.qhs.com.ar\/web\/index.php\/wp-json\/wp\/v2\/comments?post=494"}],"version-history":[{"count":18,"href":"https:\/\/www.qhs.com.ar\/web\/index.php\/wp-json\/wp\/v2\/pages\/494\/revisions"}],"predecessor-version":[{"id":1483,"href":"https:\/\/www.qhs.com.ar\/web\/index.php\/wp-json\/wp\/v2\/pages\/494\/revisions\/1483"}],"wp:attachment":[{"href":"https:\/\/www.qhs.com.ar\/web\/index.php\/wp-json\/wp\/v2\/media?parent=494"}],"curies":[{"name":"wp","href":"https:\/\/api.w.org\/{rel}","templated":true}]}}