{"id":358,"date":"2022-07-15T11:36:13","date_gmt":"2022-07-15T14:36:13","guid":{"rendered":"http:\/\/www.qhs.com.ar\/web\/?page_id=358"},"modified":"2022-09-06T19:46:44","modified_gmt":"2022-09-06T22:46:44","slug":"bienvenida","status":"publish","type":"page","link":"https:\/\/www.qhs.com.ar\/web\/index.php\/bienvenida\/","title":{"rendered":"Bienvenida"},"content":{"rendered":"<p>[et_pb_section fb_built=\u00bb1&#8243; _builder_version=\u00bb4.17.4&#8243; _module_preset=\u00bbdefault\u00bb background_color=\u00bbrgba(0,69,22,0.87)\u00bb background_image=\u00bbhttps:\/\/www.qhs.com.ar\/web\/wp-content\/uploads\/campo-de-deportes-home.jpg\u00bb background_blend=\u00bbmultiply\u00bb global_colors_info=\u00bb{}\u00bb][et_pb_row _builder_version=\u00bb4.17.4&#8243; _module_preset=\u00bbdefault\u00bb width=\u00bb90%\u00bb max_width=\u00bb100%\u00bb global_colors_info=\u00bb{}\u00bb][et_pb_column type=\u00bb4_4&#8243; _builder_version=\u00bb4.17.4&#8243; _module_preset=\u00bbdefault\u00bb global_colors_info=\u00bb{}\u00bb][et_pb_text _builder_version=\u00bb4.17.6&#8243; _module_preset=\u00bbdefault\u00bb text_font=\u00bbOpen Sans|700|||||||\u00bb text_text_color=\u00bb#FFFFFF\u00bb text_font_size=\u00bb40px\u00bb text_orientation=\u00bbcenter\u00bb custom_margin=\u00bb||20px||false|false\u00bb custom_padding=\u00bb||||false|false\u00bb global_colors_info=\u00bb{}\u00bb]<\/p>\n<p>Jard\u00edn Maternal<\/p>\n<p>[\/et_pb_text][\/et_pb_column][\/et_pb_row][\/et_pb_section][et_pb_section fb_built=\u00bb1&#8243; _builder_version=\u00bb4.18.0&#8243; _module_preset=\u00bbdefault\u00bb z_index=\u00bb50&#8243; custom_margin=\u00bb0px||80px||false|false\u00bb custom_padding=\u00bb60px||0px||false|false\u00bb hover_enabled=\u00bb0&#8243; global_colors_info=\u00bb{}\u00bb custom_margin_last_edited=\u00bbon|phone\u00bb custom_margin_phone=\u00bb||40px||false|false\u00bb sticky_enabled=\u00bb0&#8243; custom_margin_tablet=\u00bb0px||80px||false|false\u00bb][et_pb_row _builder_version=\u00bb4.17.4&#8243; _module_preset=\u00bbdefault\u00bb max_width=\u00bb100%\u00bb custom_padding=\u00bb0px||0px||true|false\u00bb global_colors_info=\u00bb{}\u00bb][et_pb_column type=\u00bb4_4&#8243; _builder_version=\u00bb4.17.4&#8243; _module_preset=\u00bbdefault\u00bb global_colors_info=\u00bb{}\u00bb][et_pb_text _builder_version=\u00bb4.17.6&#8243; _module_preset=\u00bbdefault\u00bb text_font=\u00bbOpen Sans|700|||||||\u00bb text_text_color=\u00bbgcid-51c228db-bf35-4437-87b7-906a6b6a9585&#8243; text_font_size=\u00bb28px\u00bb custom_margin=\u00bb||30px||false|false\u00bb custom_padding=\u00bb0px||0px||true|false\u00bb global_colors_info=\u00bb{%22gcid-51c228db-bf35-4437-87b7-906a6b6a9585%22:%91%22text_text_color%22%93}\u00bb]<\/p>\n<p>Bienvenida<\/p>\n<p>[\/et_pb_text][et_pb_text _builder_version=\u00bb4.17.6&#8243; _module_preset=\u00bbdefault\u00bb text_font=\u00bbOpen Sans||||||||\u00bb text_text_color=\u00bb#000000&#8243; text_line_height=\u00bb1.5em\u00bb custom_margin=\u00bb||50px||false|false\u00bb global_colors_info=\u00bb{}\u00bb]<\/p>\n<p>El ingreso al Jard\u00edn Maternal es un momento fundamental para el ni\u00f1o y la familia.<\/p>\n<p>Sabemos que este tiempo es irrepetible y somos conscientes de la confianza que nos brindan al traernos a sus hijos.<\/p>\n<p>Cuando un ni\u00f1o comienza la escolaridad desde tan temprana edad lo hace junto a su familia, su cultura, sus valores, sus h\u00e1bitos de crianza y adem\u00e1s las dudas, las inquietudes y las expectativas.<\/p>\n<p>Es por ello que el Jard\u00edn Maternal Manuel Belgrano, Quilmes High School, ofrece un espacio de di\u00e1logo para lograr que entre ambos, \u00abFamilia\u00bb y \u00abJard\u00edn\u00bb trabajen de manera mancomunada aunando criterios y esfuerzos a fin de conformarse un s\u00f3lido sost\u00e9n para los ni\u00f1os basado en la confianza, el afecto y en la seguridad.<\/p>\n<p>[\/et_pb_text][et_pb_blurb title=\u00bbValeria Franzi\u00bb _builder_version=\u00bb4.18.0&#8243; _module_preset=\u00bbdefault\u00bb header_font=\u00bb|600|||||||\u00bb header_text_align=\u00bbcenter\u00bb header_text_color=\u00bbgcid-51c228db-bf35-4437-87b7-906a6b6a9585&#8243; header_font_size=\u00bb20px\u00bb body_font=\u00bb|600|||||||\u00bb max_width=\u00bb44%\u00bb module_alignment=\u00bbright\u00bb hover_enabled=\u00bb0&#8243; global_colors_info=\u00bb{%22gcid-51c228db-bf35-4437-87b7-906a6b6a9585%22:%91%22header_text_color%22%93}\u00bb max_width_last_edited=\u00bbon|phone\u00bb max_width_phone=\u00bb100%\u00bb sticky_enabled=\u00bb0&#8243; max_width_tablet=\u00bb44%\u00bb]<\/p>\n<p style=\"text-align: center;\"><span>Directora<\/span><br \/><span>Jard\u00edn Maternal Manuel Belgrano &#8211; QHS<\/span><\/p>\n<p>[\/et_pb_blurb][\/et_pb_column][\/et_pb_row][\/et_pb_section]<\/p>\n","protected":false},"excerpt":{"rendered":"<p>Jard\u00edn MaternalBienvenidaEl ingreso al Jard\u00edn Maternal es un momento fundamental para el ni\u00f1o y la familia. Sabemos que este tiempo es irrepetible y somos conscientes de la confianza que nos brindan al traernos a sus hijos. Cuando un ni\u00f1o comienza la escolaridad desde tan temprana edad lo hace junto a su familia, su cultura, sus [&hellip;]<\/p>\n","protected":false},"author":2,"featured_media":0,"parent":0,"menu_order":0,"comment_status":"closed","ping_status":"closed","template":"","meta":{"_et_pb_use_builder":"on","_et_pb_old_content":"","_et_gb_content_width":"","footnotes":""},"class_list":["post-358","page","type-page","status-publish","hentry"],"_links":{"self":[{"href":"https:\/\/www.qhs.com.ar\/web\/index.php\/wp-json\/wp\/v2\/pages\/358","targetHints":{"allow":["GET"]}}],"collection":[{"href":"https:\/\/www.qhs.com.ar\/web\/index.php\/wp-json\/wp\/v2\/pages"}],"about":[{"href":"https:\/\/www.qhs.com.ar\/web\/index.php\/wp-json\/wp\/v2\/types\/page"}],"author":[{"embeddable":true,"href":"https:\/\/www.qhs.com.ar\/web\/index.php\/wp-json\/wp\/v2\/users\/2"}],"replies":[{"embeddable":true,"href":"https:\/\/www.qhs.com.ar\/web\/index.php\/wp-json\/wp\/v2\/comments?post=358"}],"version-history":[{"count":5,"href":"https:\/\/www.qhs.com.ar\/web\/index.php\/wp-json\/wp\/v2\/pages\/358\/revisions"}],"predecessor-version":[{"id":1501,"href":"https:\/\/www.qhs.com.ar\/web\/index.php\/wp-json\/wp\/v2\/pages\/358\/revisions\/1501"}],"wp:attachment":[{"href":"https:\/\/www.qhs.com.ar\/web\/index.php\/wp-json\/wp\/v2\/media?parent=358"}],"curies":[{"name":"wp","href":"https:\/\/api.w.org\/{rel}","templated":true}]}}