{"id":336,"date":"2022-07-04T11:26:59","date_gmt":"2022-07-04T14:26:59","guid":{"rendered":"http:\/\/www.qhs.com.ar\/web\/?page_id=336"},"modified":"2022-09-06T18:28:26","modified_gmt":"2022-09-06T21:28:26","slug":"quienes-somos","status":"publish","type":"page","link":"https:\/\/www.qhs.com.ar\/web\/index.php\/quienes-somos\/","title":{"rendered":"Quienes Somos"},"content":{"rendered":"<p>[et_pb_section fb_built=\u00bb1&#8243; _builder_version=\u00bb4.17.4&#8243; _module_preset=\u00bbdefault\u00bb background_color=\u00bbrgba(0,69,22,0.87)\u00bb background_image=\u00bbhttps:\/\/www.qhs.com.ar\/web\/wp-content\/uploads\/campo-de-deportes-home.jpg\u00bb background_blend=\u00bbmultiply\u00bb global_colors_info=\u00bb{}\u00bb][et_pb_row _builder_version=\u00bb4.17.4&#8243; _module_preset=\u00bbdefault\u00bb width=\u00bb90%\u00bb max_width=\u00bb100%\u00bb global_colors_info=\u00bb{}\u00bb][et_pb_column type=\u00bb4_4&#8243; _builder_version=\u00bb4.17.4&#8243; _module_preset=\u00bbdefault\u00bb global_colors_info=\u00bb{}\u00bb][et_pb_text _builder_version=\u00bb4.17.4&#8243; _module_preset=\u00bbdefault\u00bb text_font=\u00bbOpen Sans|700|||||||\u00bb text_text_color=\u00bb#FFFFFF\u00bb text_font_size=\u00bb40px\u00bb text_orientation=\u00bbcenter\u00bb custom_margin=\u00bb||20px||false|false\u00bb custom_padding=\u00bb||||false|false\u00bb global_colors_info=\u00bb{}\u00bb]<\/p>\n<p>La Instituci\u00f3n<\/p>\n<p>[\/et_pb_text][\/et_pb_column][\/et_pb_row][\/et_pb_section][et_pb_section fb_built=\u00bb1&#8243; _builder_version=\u00bb4.17.4&#8243; _module_preset=\u00bbdefault\u00bb z_index=\u00bb50&#8243; custom_margin=\u00bb0px||80px||false|false\u00bb custom_padding=\u00bb60px||0px||false|false\u00bb global_colors_info=\u00bb{}\u00bb][et_pb_row column_structure=\u00bb1_2,1_2&#8243; _builder_version=\u00bb4.17.4&#8243; _module_preset=\u00bbdefault\u00bb max_width=\u00bb100%\u00bb custom_padding=\u00bb0px||0px||true|false\u00bb global_colors_info=\u00bb{}\u00bb][et_pb_column type=\u00bb1_2&#8243; _builder_version=\u00bb4.17.4&#8243; _module_preset=\u00bbdefault\u00bb global_colors_info=\u00bb{}\u00bb][et_pb_text _builder_version=\u00bb4.17.4&#8243; _module_preset=\u00bbdefault\u00bb text_font=\u00bbOpen Sans|700|||||||\u00bb text_text_color=\u00bbgcid-51c228db-bf35-4437-87b7-906a6b6a9585&#8243; text_font_size=\u00bb28px\u00bb custom_margin=\u00bb||30px||false|false\u00bb custom_padding=\u00bb0px||0px||true|false\u00bb global_colors_info=\u00bb{%22gcid-51c228db-bf35-4437-87b7-906a6b6a9585%22:%91%22text_text_color%22%93}\u00bb]<\/p>\n<p>\u00bfQuienes Somos?<\/p>\n<p>[\/et_pb_text][et_pb_text _builder_version=\u00bb4.17.4&#8243; _module_preset=\u00bbdefault\u00bb text_font=\u00bbOpen Sans||||||||\u00bb text_text_color=\u00bb#000000&#8243; text_line_height=\u00bb1.5em\u00bb custom_margin=\u00bb||20px||false|false\u00bb global_colors_info=\u00bb{}\u00bb]<\/p>\n<p>El Quilmes High School, es una Instituci\u00f3n Educativa biling\u00fce nacida en 1907 que abarca todos los Niveles de ense\u00f1anza: Jard\u00edn Maternal y de Infantes, Primario y Secundario.<\/p>\n<p>Nuestro colegio conserva hoy muchas de las tradiciones que lo han distinguido durante d\u00e9cadas, pero se ha adaptado sin embargo a los tiempos actuales desarrollando una continua actualizaci\u00f3n pedag\u00f3gica de sus docentes, y de los planes de estudio, lo que hace de nuestra Instituci\u00f3n un referente en materia de excelencia educativa biling\u00fce.<\/p>\n<p>El Proyecto de Ense\u00f1anza Biling\u00fce cuenta con el reconocimiento y la aprobaci\u00f3n de las autoridades educativas y oficiales con las disposiciones pertinentes a cada nivel.<\/p>\n<p>Quilmes High School genera un sentimiento de pertenencia que compromete a la comunidad educativa toda: alumnos, padres, personal docente y no docente.<\/p>\n<p>Para enriquecer la actividad curricular cotidiana que se desarrolla en las aulas, la Instituci\u00f3n incluye adem\u00e1s propuestas culturales y deportivas de distinta \u00edndole.<\/p>\n<p>[\/et_pb_text][\/et_pb_column][et_pb_column type=\u00bb1_2&#8243; _builder_version=\u00bb4.17.4&#8243; _module_preset=\u00bbdefault\u00bb global_colors_info=\u00bb{}\u00bb][et_pb_blurb title=\u00bbQuilmes High School Song\u00bb use_icon=\u00bbon\u00bb font_icon=\u00bb&#xe08e;||divi||400&#8243; icon_color=\u00bbgcid-51c228db-bf35-4437-87b7-906a6b6a9585&#8243; image_icon_width=\u00bb50px\u00bb _builder_version=\u00bb4.17.4&#8243; _module_preset=\u00bbdefault\u00bb header_font=\u00bb|700|||||||\u00bb header_text_align=\u00bbcenter\u00bb header_font_size=\u00bb22px\u00bb global_colors_info=\u00bb{%22gcid-51c228db-bf35-4437-87b7-906a6b6a9585%22:%91%22icon_color%22%93}\u00bb][\/et_pb_blurb][et_pb_text _builder_version=\u00bb4.17.4&#8243; _module_preset=\u00bbdefault\u00bb text_font=\u00bbOpen Sans||on||||||\u00bb text_text_color=\u00bb#000000&#8243; text_line_height=\u00bb1.5em\u00bb text_orientation=\u00bbcenter\u00bb custom_margin=\u00bb||20px||false|false\u00bb global_colors_info=\u00bb{}\u00bb]<\/p>\n<p>In the morning of our lives,<br \/>When the world is young and gay<br \/>And we haven&#8217;t got a trouble or a frown,<br \/>Quilmes High School our home<br \/>We will work and we will play,<br \/>And we&#8217;ll make our school the best in every town.<\/p>\n<p>Sing! Sing! Sing! Of our glory<br \/>Sing! Sing! Happiness and joy!<br \/>(Bis)<\/p>\n<p>As we tramp along each mile,<br \/>Let there always be a smile<br \/>On the face of every girl and every boy!<\/p>\n<p>[\/et_pb_text][et_pb_text _builder_version=\u00bb4.17.4&#8243; _module_preset=\u00bbdefault\u00bb text_font=\u00bbOpen Sans|600|||||||\u00bb text_text_color=\u00bb#000000&#8243; text_line_height=\u00bb1.5em\u00bb text_orientation=\u00bbcenter\u00bb custom_margin=\u00bb0px||15px||false|false\u00bb global_colors_info=\u00bb{}\u00bb]<\/p>\n<p>Lyrics by Martha S. de Lean<br \/>Music by Alejandro Rodr\u00edguez<br \/>September 1997<\/p>\n<p>[\/et_pb_text][et_pb_audio audio=\u00bbhttps:\/\/www.qhs.com.ar\/web\/wp-content\/uploads\/qhs_song.mp3&#8243; _builder_version=\u00bb4.18.0&#8243; _module_preset=\u00bbdefault\u00bb background_color=\u00bbgcid-51c228db-bf35-4437-87b7-906a6b6a9585&#8243; width=\u00bb51%\u00bb module_alignment=\u00bbcenter\u00bb custom_margin=\u00bb30px||||false|false\u00bb custom_padding=\u00bb15px|30px|15px|20px|true|false\u00bb hover_enabled=\u00bb0&#8243; border_radii=\u00bbon|20px|20px|20px|20px\u00bb global_colors_info=\u00bb{%22gcid-51c228db-bf35-4437-87b7-906a6b6a9585%22:%91%22background_color%22%93}\u00bb sticky_enabled=\u00bb0&#8243; width_last_edited=\u00bbon|phone\u00bb width_phone=\u00bb100%\u00bb max_width_last_edited=\u00bbon|phone\u00bb max_width_phone=\u00bb100%\u00bb width_tablet=\u00bb51%\u00bb][\/et_pb_audio][\/et_pb_column][\/et_pb_row][\/et_pb_section]<\/p>\n","protected":false},"excerpt":{"rendered":"<p>La Instituci\u00f3n\u00bfQuienes Somos?El Quilmes High School, es una Instituci\u00f3n Educativa biling\u00fce nacida en 1907 que abarca todos los Niveles de ense\u00f1anza: Jard\u00edn Maternal y de Infantes, Primario y Secundario. Nuestro colegio conserva hoy muchas de las tradiciones que lo han distinguido durante d\u00e9cadas, pero se ha adaptado sin embargo a los tiempos actuales desarrollando una [&hellip;]<\/p>\n","protected":false},"author":2,"featured_media":0,"parent":0,"menu_order":0,"comment_status":"closed","ping_status":"closed","template":"","meta":{"_et_pb_use_builder":"on","_et_pb_old_content":"","_et_gb_content_width":"","footnotes":""},"class_list":["post-336","page","type-page","status-publish","hentry"],"_links":{"self":[{"href":"https:\/\/www.qhs.com.ar\/web\/index.php\/wp-json\/wp\/v2\/pages\/336","targetHints":{"allow":["GET"]}}],"collection":[{"href":"https:\/\/www.qhs.com.ar\/web\/index.php\/wp-json\/wp\/v2\/pages"}],"about":[{"href":"https:\/\/www.qhs.com.ar\/web\/index.php\/wp-json\/wp\/v2\/types\/page"}],"author":[{"embeddable":true,"href":"https:\/\/www.qhs.com.ar\/web\/index.php\/wp-json\/wp\/v2\/users\/2"}],"replies":[{"embeddable":true,"href":"https:\/\/www.qhs.com.ar\/web\/index.php\/wp-json\/wp\/v2\/comments?post=336"}],"version-history":[{"count":12,"href":"https:\/\/www.qhs.com.ar\/web\/index.php\/wp-json\/wp\/v2\/pages\/336\/revisions"}],"predecessor-version":[{"id":1478,"href":"https:\/\/www.qhs.com.ar\/web\/index.php\/wp-json\/wp\/v2\/pages\/336\/revisions\/1478"}],"wp:attachment":[{"href":"https:\/\/www.qhs.com.ar\/web\/index.php\/wp-json\/wp\/v2\/media?parent=336"}],"curies":[{"name":"wp","href":"https:\/\/api.w.org\/{rel}","templated":true}]}}